{"id":913,"date":"2024-07-25T18:36:19","date_gmt":"2024-07-25T21:36:19","guid":{"rendered":"https:\/\/softwareprojetos.site\/idalia\/?page_id=913"},"modified":"2024-07-25T18:37:56","modified_gmt":"2024-07-25T21:37:56","slug":"sobre-nos","status":"publish","type":"page","link":"https:\/\/idaliacalcados.com.br\/index.php\/sobre-nos\/","title":{"rendered":"Sobre N\u00f3s"},"content":{"rendered":"\t\t<div data-elementor-type=\"wp-page\" data-elementor-id=\"913\" class=\"elementor elementor-913\" data-elementor-post-type=\"page\">\n\t\t\t\t<div class=\"elementor-element elementor-element-cd74ed4 e-flex e-con-boxed e-con e-parent\" data-id=\"cd74ed4\" data-element_type=\"container\">\n\t\t\t\t\t<div class=\"e-con-inner\">\n\t\t<div class=\"elementor-element elementor-element-84e633b e-flex e-con-boxed e-con e-child\" data-id=\"84e633b\" data-element_type=\"container\">\n\t\t\t\t\t<div class=\"e-con-inner\">\n\t\t\t\t<div class=\"elementor-element elementor-element-480e483 elementor-widget elementor-widget-image\" data-id=\"480e483\" data-element_type=\"widget\" data-widget_type=\"image.default\">\n\t\t\t\t<div class=\"elementor-widget-container\">\n\t\t\t\t\t\t\t\t\t\t\t\t\t\t\t<img fetchpriority=\"high\" decoding=\"async\" width=\"632\" height=\"319\" src=\"https:\/\/idaliacalcados.com.br\/wp-content\/uploads\/2024\/03\/IDALIA-removebg-preview.png\" class=\"attachment-large size-large wp-image-879\" alt=\"\" srcset=\"https:\/\/idaliacalcados.com.br\/wp-content\/uploads\/2024\/03\/IDALIA-removebg-preview.png 632w, https:\/\/idaliacalcados.com.br\/wp-content\/uploads\/2024\/03\/IDALIA-removebg-preview-300x151.png 300w, https:\/\/idaliacalcados.com.br\/wp-content\/uploads\/2024\/03\/IDALIA-removebg-preview-600x303.png 600w\" sizes=\"(max-width: 632px) 100vw, 632px\" \/>\t\t\t\t\t\t\t\t\t\t\t\t\t\t\t<\/div>\n\t\t\t\t<\/div>\n\t\t\t\t\t<\/div>\n\t\t\t\t<\/div>\n\t\t<div class=\"elementor-element elementor-element-16e074a e-flex e-con-boxed e-con e-child\" data-id=\"16e074a\" data-element_type=\"container\">\n\t\t\t\t\t<div class=\"e-con-inner\">\n\t\t\t\t<div class=\"elementor-element elementor-element-3d000fe elementor-widget elementor-widget-heading\" data-id=\"3d000fe\" data-element_type=\"widget\" data-widget_type=\"heading.default\">\n\t\t\t\t<div class=\"elementor-widget-container\">\n\t\t\t\t\t<h2 class=\"elementor-heading-title elementor-size-default\">Sobre a Id\u00e1lia Cal\u00e7ados<\/h2>\t\t\t\t<\/div>\n\t\t\t\t<\/div>\n\t\t\t\t<div class=\"elementor-element elementor-element-f0a2c49 elementor-widget elementor-widget-text-editor\" data-id=\"f0a2c49\" data-element_type=\"widget\" data-widget_type=\"text-editor.default\">\n\t\t\t\t<div class=\"elementor-widget-container\">\n\t\t\t\t\t\t\t\t\t<p>Na Id\u00e1lia Cal\u00e7ados, nos dedicamos a criar sapatos femininos que combinam estilo, conforto e qualidade artesanal. Cada par que fabricamos reflete nossa paix\u00e3o pela moda e nossa constante busca pela perfei\u00e7\u00e3o. Nosso objetivo \u00e9 oferecer mais do que apenas cal\u00e7ados; queremos proporcionar uma experi\u00eancia \u00fanica, onde cada detalhe \u00e9 importante.<\/p><p>Desde o design inicial at\u00e9 a sele\u00e7\u00e3o dos materiais, cada etapa do processo de fabrica\u00e7\u00e3o \u00e9 realizada com extremo cuidado para garantir que nossos sapatos n\u00e3o s\u00f3 complementem seu estilo pessoal, mas tamb\u00e9m ofere\u00e7am o m\u00e1ximo conforto ao longo do dia. Em cada cole\u00e7\u00e3o, buscamos captar as \u00faltimas tend\u00eancias da moda, mantendo a singularidade que caracteriza a identidade da Id\u00e1lia Cal\u00e7ados.<\/p>\t\t\t\t\t\t\t\t<\/div>\n\t\t\t\t<\/div>\n\t\t\t\t\t<\/div>\n\t\t\t\t<\/div>\n\t\t\t\t\t<\/div>\n\t\t\t\t<\/div>\n\t\t\t\t<\/div>\n\t\t","protected":false},"excerpt":{"rendered":"<p>Sobre a Id\u00e1lia Cal\u00e7ados Na Id\u00e1lia Cal\u00e7ados, nos dedicamos a criar sapatos femininos que combinam estilo, conforto e qualidade artesanal. Cada par que fabricamos reflete nossa paix\u00e3o pela moda e nossa constante busca pela perfei\u00e7\u00e3o. Nosso objetivo \u00e9 oferecer mais do que apenas cal\u00e7ados; queremos proporcionar uma experi\u00eancia \u00fanica, onde cada detalhe \u00e9 importante. Desde [&hellip;]<\/p>\n","protected":false},"author":1,"featured_media":0,"parent":0,"menu_order":0,"comment_status":"closed","ping_status":"closed","template":"","meta":{"footnotes":""},"class_list":["post-913","page","type-page","status-publish","hentry"],"_links":{"self":[{"href":"https:\/\/idaliacalcados.com.br\/index.php\/wp-json\/wp\/v2\/pages\/913"}],"collection":[{"href":"https:\/\/idaliacalcados.com.br\/index.php\/wp-json\/wp\/v2\/pages"}],"about":[{"href":"https:\/\/idaliacalcados.com.br\/index.php\/wp-json\/wp\/v2\/types\/page"}],"author":[{"embeddable":true,"href":"https:\/\/idaliacalcados.com.br\/index.php\/wp-json\/wp\/v2\/users\/1"}],"replies":[{"embeddable":true,"href":"https:\/\/idaliacalcados.com.br\/index.php\/wp-json\/wp\/v2\/comments?post=913"}],"version-history":[{"count":10,"href":"https:\/\/idaliacalcados.com.br\/index.php\/wp-json\/wp\/v2\/pages\/913\/revisions"}],"predecessor-version":[{"id":923,"href":"https:\/\/idaliacalcados.com.br\/index.php\/wp-json\/wp\/v2\/pages\/913\/revisions\/923"}],"wp:attachment":[{"href":"https:\/\/idaliacalcados.com.br\/index.php\/wp-json\/wp\/v2\/media?parent=913"}],"curies":[{"name":"wp","href":"https:\/\/api.w.org\/{rel}","templated":true}]}}