{"id":601,"date":"2024-06-24T15:36:43","date_gmt":"2024-06-24T18:36:43","guid":{"rendered":"https:\/\/softwareprojetos.site\/idalia\/?post_type=product&#038;p=601"},"modified":"2025-02-06T15:31:14","modified_gmt":"2025-02-06T18:31:14","slug":"sapato-teste","status":"publish","type":"product","link":"https:\/\/idaliacalcados.com.br\/index.php\/produto\/sapato-teste\/","title":{"rendered":"Sand\u00e1lia X Dourada Salto Bloco"},"content":{"rendered":"<p data-pm-slice=\"1 1 []\">Altura do salto: 12 cm<br \/>\nPara coberta: 3 cm<br \/>\nDourada<\/p>\n<p>Medidas do solado externo:<br \/>\n34) 24cm<br \/>\n35) 24,5 cm<br \/>\n36) 25 cm<br \/>\n37) 25,5 cm<br \/>\n38) 26 cm<br \/>\n39) 26,5 cm<\/p>\n<p><em>Obs: Verificar disponibilidade em estoque<\/em><\/p>\n<p>As medidas s\u00e3o tiradas do solado externo dos cal\u00e7ados, e as numera\u00e7\u00f5es seguem com o padr\u00e3o brasileiro de numera\u00e7\u00e3o<\/p>\n","protected":false},"excerpt":{"rendered":"<p>Altura do salto: 12 cm Para coberta: 3 cm Dourada Medidas do solado externo: 34) 24cm 35) 24,5 cm 36) 25 cm 37) 25,5 cm 38) 26 cm 39) 26,5 cm Obs: Verificar disponibilidade em estoque As medidas s\u00e3o tiradas do solado externo dos cal\u00e7ados, e as numera\u00e7\u00f5es seguem com o padr\u00e3o brasileiro de numera\u00e7\u00e3o<\/p>\n","protected":false},"featured_media":604,"comment_status":"open","ping_status":"closed","template":"","meta":[],"product_brand":[],"product_cat":[37,45,30],"product_tag":[],"class_list":{"0":"post-601","1":"product","2":"type-product","3":"status-publish","4":"has-post-thumbnail","6":"product_cat-salto-bloco","7":"product_cat-sandalia-x","8":"product_cat-sandalias-douradas","10":"first","11":"instock","12":"shipping-taxable","13":"purchasable","14":"product-type-variable"},"_links":{"self":[{"href":"https:\/\/idaliacalcados.com.br\/index.php\/wp-json\/wp\/v2\/product\/601"}],"collection":[{"href":"https:\/\/idaliacalcados.com.br\/index.php\/wp-json\/wp\/v2\/product"}],"about":[{"href":"https:\/\/idaliacalcados.com.br\/index.php\/wp-json\/wp\/v2\/types\/product"}],"replies":[{"embeddable":true,"href":"https:\/\/idaliacalcados.com.br\/index.php\/wp-json\/wp\/v2\/comments?post=601"}],"wp:featuredmedia":[{"embeddable":true,"href":"https:\/\/idaliacalcados.com.br\/index.php\/wp-json\/wp\/v2\/media\/604"}],"wp:attachment":[{"href":"https:\/\/idaliacalcados.com.br\/index.php\/wp-json\/wp\/v2\/media?parent=601"}],"wp:term":[{"taxonomy":"product_brand","embeddable":true,"href":"https:\/\/idaliacalcados.com.br\/index.php\/wp-json\/wp\/v2\/product_brand?post=601"},{"taxonomy":"product_cat","embeddable":true,"href":"https:\/\/idaliacalcados.com.br\/index.php\/wp-json\/wp\/v2\/product_cat?post=601"},{"taxonomy":"product_tag","embeddable":true,"href":"https:\/\/idaliacalcados.com.br\/index.php\/wp-json\/wp\/v2\/product_tag?post=601"}],"curies":[{"name":"wp","href":"https:\/\/api.w.org\/{rel}","templated":true}]}}