{"id":621,"date":"2024-06-24T16:55:10","date_gmt":"2024-06-24T19:55:10","guid":{"rendered":"https:\/\/softwareprojetos.site\/idalia\/?post_type=product&#038;p=621"},"modified":"2025-02-06T15:27:50","modified_gmt":"2025-02-06T18:27:50","slug":"sandalia-x-ouro","status":"publish","type":"product","link":"https:\/\/idaliacalcados.com.br\/index.php\/produto\/sandalia-x-ouro\/","title":{"rendered":"Sand\u00e1lia Ouro"},"content":{"rendered":"<p data-pm-slice=\"1 1 []\">Altura do salto: 12 cm<br \/>\nPara coberta: 3 cm<\/p>\n<p>Medidas do solado externo:<br \/>\n34) 24cm<br \/>\n35) 24,5 cm<br \/>\n36) 25 cm<br \/>\n37) 25,5 cm<br \/>\n38) 26 cm<br \/>\n39) 26,5 cm<\/p>\n<p>As medidas s\u00e3o tiradas do solado externo dos cal\u00e7ados, e as numera\u00e7\u00f5es seguem com o padr\u00e3o brasileiro de numera\u00e7\u00e3o<\/p>\n","protected":false},"excerpt":{"rendered":"<p>Altura do salto: 12 cm Para coberta: 3 cm Medidas do solado externo: 34) 24cm 35) 24,5 cm 36) 25 cm 37) 25,5 cm 38) 26 cm 39) 26,5 cm As medidas s\u00e3o tiradas do solado externo dos cal\u00e7ados, e as numera\u00e7\u00f5es seguem com o padr\u00e3o brasileiro de numera\u00e7\u00e3o<\/p>\n","protected":false},"featured_media":625,"comment_status":"open","ping_status":"closed","template":"","meta":[],"product_brand":[],"product_cat":[43,37,45],"product_tag":[],"class_list":{"0":"post-621","1":"product","2":"type-product","3":"status-publish","4":"has-post-thumbnail","6":"product_cat-sandalia-ouro","7":"product_cat-salto-bloco","8":"product_cat-sandalia-x","10":"first","11":"instock","12":"shipping-taxable","13":"purchasable","14":"product-type-variable"},"_links":{"self":[{"href":"https:\/\/idaliacalcados.com.br\/index.php\/wp-json\/wp\/v2\/product\/621"}],"collection":[{"href":"https:\/\/idaliacalcados.com.br\/index.php\/wp-json\/wp\/v2\/product"}],"about":[{"href":"https:\/\/idaliacalcados.com.br\/index.php\/wp-json\/wp\/v2\/types\/product"}],"replies":[{"embeddable":true,"href":"https:\/\/idaliacalcados.com.br\/index.php\/wp-json\/wp\/v2\/comments?post=621"}],"wp:featuredmedia":[{"embeddable":true,"href":"https:\/\/idaliacalcados.com.br\/index.php\/wp-json\/wp\/v2\/media\/625"}],"wp:attachment":[{"href":"https:\/\/idaliacalcados.com.br\/index.php\/wp-json\/wp\/v2\/media?parent=621"}],"wp:term":[{"taxonomy":"product_brand","embeddable":true,"href":"https:\/\/idaliacalcados.com.br\/index.php\/wp-json\/wp\/v2\/product_brand?post=621"},{"taxonomy":"product_cat","embeddable":true,"href":"https:\/\/idaliacalcados.com.br\/index.php\/wp-json\/wp\/v2\/product_cat?post=621"},{"taxonomy":"product_tag","embeddable":true,"href":"https:\/\/idaliacalcados.com.br\/index.php\/wp-json\/wp\/v2\/product_tag?post=621"}],"curies":[{"name":"wp","href":"https:\/\/api.w.org\/{rel}","templated":true}]}}