{"id":640,"date":"2024-06-24T17:17:42","date_gmt":"2024-06-24T20:17:42","guid":{"rendered":"https:\/\/softwareprojetos.site\/idalia\/?post_type=product&#038;p=640"},"modified":"2025-02-06T15:26:28","modified_gmt":"2025-02-06T18:26:28","slug":"sandalia-ouro-transparente-salto-fino","status":"publish","type":"product","link":"https:\/\/idaliacalcados.com.br\/index.php\/produto\/sandalia-ouro-transparente-salto-fino\/","title":{"rendered":"Sand\u00e1lia Ouro transparente salto fino"},"content":{"rendered":"<p data-pm-slice=\"1 1 []\">Altura do salto: 12 cm<br \/>\nPara coberta: 3 cm<br \/>\nOuro<\/p>\n<p>Medidas do solado externo:<br \/>\n34) 24cm<br \/>\n35) 24,5 cm<br \/>\n36) 25 cm<br \/>\n37) 25,5 cm<br \/>\n38) 26 cm<br \/>\n39) 26,5 cm<\/p>\n<p><em>Obs: Verificar disponibilidade em estoque<\/em><\/p>\n<p>As medidas s\u00e3o tiradas do solado externo dos cal\u00e7ados, e as numera\u00e7\u00f5es seguem com o padr\u00e3o brasileiro de numera\u00e7\u00e3o<\/p>\n","protected":false},"excerpt":{"rendered":"<p>Altura do salto: 12 cm Para coberta: 3 cm Ouro Medidas do solado externo: 34) 24cm 35) 24,5 cm 36) 25 cm 37) 25,5 cm 38) 26 cm 39) 26,5 cm Obs: Verificar disponibilidade em estoque As medidas s\u00e3o tiradas do solado externo dos cal\u00e7ados, e as numera\u00e7\u00f5es seguem com o padr\u00e3o brasileiro de numera\u00e7\u00e3o<\/p>\n","protected":false},"featured_media":641,"comment_status":"open","ping_status":"closed","template":"","meta":[],"product_brand":[],"product_cat":[43,42,40],"product_tag":[],"class_list":{"0":"post-640","1":"product","2":"type-product","3":"status-publish","4":"has-post-thumbnail","6":"product_cat-sandalia-ouro","7":"product_cat-sandalia-salto-fino","8":"product_cat-sandalia-transparente","10":"first","11":"instock","12":"shipping-taxable","13":"purchasable","14":"product-type-variable"},"_links":{"self":[{"href":"https:\/\/idaliacalcados.com.br\/index.php\/wp-json\/wp\/v2\/product\/640"}],"collection":[{"href":"https:\/\/idaliacalcados.com.br\/index.php\/wp-json\/wp\/v2\/product"}],"about":[{"href":"https:\/\/idaliacalcados.com.br\/index.php\/wp-json\/wp\/v2\/types\/product"}],"replies":[{"embeddable":true,"href":"https:\/\/idaliacalcados.com.br\/index.php\/wp-json\/wp\/v2\/comments?post=640"}],"wp:featuredmedia":[{"embeddable":true,"href":"https:\/\/idaliacalcados.com.br\/index.php\/wp-json\/wp\/v2\/media\/641"}],"wp:attachment":[{"href":"https:\/\/idaliacalcados.com.br\/index.php\/wp-json\/wp\/v2\/media?parent=640"}],"wp:term":[{"taxonomy":"product_brand","embeddable":true,"href":"https:\/\/idaliacalcados.com.br\/index.php\/wp-json\/wp\/v2\/product_brand?post=640"},{"taxonomy":"product_cat","embeddable":true,"href":"https:\/\/idaliacalcados.com.br\/index.php\/wp-json\/wp\/v2\/product_cat?post=640"},{"taxonomy":"product_tag","embeddable":true,"href":"https:\/\/idaliacalcados.com.br\/index.php\/wp-json\/wp\/v2\/product_tag?post=640"}],"curies":[{"name":"wp","href":"https:\/\/api.w.org\/{rel}","templated":true}]}}