{"id":953,"date":"2024-08-30T12:03:15","date_gmt":"2024-08-30T15:03:15","guid":{"rendered":"https:\/\/softwareprojetos.site\/idalia\/?post_type=product&#038;p=953"},"modified":"2025-02-24T17:24:04","modified_gmt":"2025-02-24T20:24:04","slug":"sandalia-dourada-4","status":"publish","type":"product","link":"https:\/\/idaliacalcados.com.br\/index.php\/produto\/sandalia-dourada-4\/","title":{"rendered":"Sand\u00e1lia Dourada"},"content":{"rendered":"<p data-pm-slice=\"1 1 []\">1-34\/ 1-35\/ 2-36\/ 1-37\/ 2-38\/ 1-39<\/p>\n<p>R$ 230,00<\/p>\n<p>Altura do salto: 12 cm<br \/>\nPata: 3 cm<br \/>\nMaterial Dourado<\/p>\n<p>Medidas do solado externo:<br \/>\n34) 24cm<br \/>\n35) 24,5 cm<br \/>\n36) 25 cm<br \/>\n37) 25,5 cm<br \/>\n38) 26 cm<br \/>\n39) 26,5 cm<\/p>\n<p>As medidas s\u00e3o tiradas do solado externo dos cal\u00e7ados, e as numera\u00e7\u00f5es seguem com o padr\u00e3o brasileiro de numera\u00e7\u00e3o.<\/p>\n","protected":false},"excerpt":{"rendered":"<p>1-34\/ 1-35\/ 2-36\/ 1-37\/ 2-38\/ 1-39 R$ 230,00 Altura do salto: 12 cm Pata: 3 cm Material Dourado Medidas do solado externo: 34) 24cm 35) 24,5 cm 36) 25 cm 37) 25,5 cm 38) 26 cm 39) 26,5 cm As medidas s\u00e3o tiradas do solado externo dos cal\u00e7ados, e as numera\u00e7\u00f5es seguem com o padr\u00e3o [&hellip;]<\/p>\n","protected":false},"featured_media":960,"comment_status":"open","ping_status":"closed","template":"","meta":[],"product_brand":[],"product_cat":[15],"product_tag":[],"class_list":{"0":"post-953","1":"product","2":"type-product","3":"status-publish","4":"has-post-thumbnail","6":"product_cat-sem-categoria","8":"first","9":"instock","10":"shipping-taxable","11":"purchasable","12":"product-type-variable"},"_links":{"self":[{"href":"https:\/\/idaliacalcados.com.br\/index.php\/wp-json\/wp\/v2\/product\/953"}],"collection":[{"href":"https:\/\/idaliacalcados.com.br\/index.php\/wp-json\/wp\/v2\/product"}],"about":[{"href":"https:\/\/idaliacalcados.com.br\/index.php\/wp-json\/wp\/v2\/types\/product"}],"replies":[{"embeddable":true,"href":"https:\/\/idaliacalcados.com.br\/index.php\/wp-json\/wp\/v2\/comments?post=953"}],"wp:featuredmedia":[{"embeddable":true,"href":"https:\/\/idaliacalcados.com.br\/index.php\/wp-json\/wp\/v2\/media\/960"}],"wp:attachment":[{"href":"https:\/\/idaliacalcados.com.br\/index.php\/wp-json\/wp\/v2\/media?parent=953"}],"wp:term":[{"taxonomy":"product_brand","embeddable":true,"href":"https:\/\/idaliacalcados.com.br\/index.php\/wp-json\/wp\/v2\/product_brand?post=953"},{"taxonomy":"product_cat","embeddable":true,"href":"https:\/\/idaliacalcados.com.br\/index.php\/wp-json\/wp\/v2\/product_cat?post=953"},{"taxonomy":"product_tag","embeddable":true,"href":"https:\/\/idaliacalcados.com.br\/index.php\/wp-json\/wp\/v2\/product_tag?post=953"}],"curies":[{"name":"wp","href":"https:\/\/api.w.org\/{rel}","templated":true}]}}